{"id":24813,"date":"2023-01-24T09:18:06","date_gmt":"2023-01-24T08:18:06","guid":{"rendered":"https:\/\/staging.lemanexpress.com\/?page_id=24813"},"modified":"2023-01-24T09:39:00","modified_gmt":"2023-01-24T08:39:00","slug":"charte-confidentialite-rh","status":"publish","type":"page","link":"https:\/\/staging.lemanexpress.com\/en\/charte-confidentialite-rh\/","title":{"rendered":"Charte de confidentialit\u00e9 RH"},"content":{"rendered":"\t\t<div data-elementor-type=\"wp-page\" data-elementor-id=\"24813\" class=\"elementor elementor-24813\" data-elementor-post-type=\"page\">\n\t\t\t\t\t\t<section class=\"elementor-section elementor-top-section elementor-element elementor-element-f62b9e7 elementor-section-full_width elementor-section-height-default elementor-section-height-default\" data-id=\"f62b9e7\" data-element_type=\"section\" data-e-type=\"section\" data-settings=\"{&quot;background_background&quot;:&quot;classic&quot;}\">\n\t\t\t\t\t\t\t<div class=\"elementor-background-overlay\"><\/div>\n\t\t\t\t\t\t\t<div class=\"elementor-container elementor-column-gap-default\">\n\t\t\t\t\t<div class=\"elementor-column elementor-col-100 elementor-top-column elementor-element elementor-element-3f6cd9e\" data-id=\"3f6cd9e\" data-element_type=\"column\" data-e-type=\"column\">\n\t\t\t<div class=\"elementor-widget-wrap elementor-element-populated\">\n\t\t\t\t\t\t<section class=\"elementor-section elementor-inner-section elementor-element elementor-element-420bd3b elementor-section-boxed elementor-section-height-default elementor-section-height-default\" data-id=\"420bd3b\" data-element_type=\"section\" data-e-type=\"section\">\n\t\t\t\t\t\t<div class=\"elementor-container elementor-column-gap-default\">\n\t\t\t\t\t<div class=\"elementor-column elementor-col-100 elementor-inner-column elementor-element elementor-element-05c05c1\" data-id=\"05c05c1\" data-element_type=\"column\" data-e-type=\"column\">\n\t\t\t<div class=\"elementor-widget-wrap elementor-element-populated\">\n\t\t\t\t\t\t\t<\/div>\n\t\t<\/div>\n\t\t\t\t\t<\/div>\n\t\t<\/section>\n\t\t\t\t\t<\/div>\n\t\t<\/div>\n\t\t\t\t\t<\/div>\n\t\t<\/section>\n\t\t\t\t<section class=\"elementor-section elementor-top-section elementor-element elementor-element-7a19d27 elementor-section-height-min-height elementor-section-boxed elementor-section-height-default elementor-section-items-middle\" data-id=\"7a19d27\" data-element_type=\"section\" data-e-type=\"section\" data-settings=\"{&quot;background_background&quot;:&quot;classic&quot;}\">\n\t\t\t\t\t\t<div class=\"elementor-container elementor-column-gap-default\">\n\t\t\t\t\t<div class=\"elementor-column elementor-col-100 elementor-top-column elementor-element elementor-element-ab7bbf7\" data-id=\"ab7bbf7\" data-element_type=\"column\" data-e-type=\"column\" data-settings=\"{&quot;background_background&quot;:&quot;classic&quot;}\">\n\t\t\t<div class=\"elementor-widget-wrap elementor-element-populated\">\n\t\t\t\t\t\t<section class=\"elementor-section elementor-inner-section elementor-element elementor-element-15f11d8 elementor-section-boxed elementor-section-height-default elementor-section-height-default\" data-id=\"15f11d8\" data-element_type=\"section\" data-e-type=\"section\">\n\t\t\t\t\t\t<div class=\"elementor-container elementor-column-gap-default\">\n\t\t\t\t\t<div class=\"elementor-column elementor-col-100 elementor-inner-column elementor-element elementor-element-543dd3d\" data-id=\"543dd3d\" data-element_type=\"column\" data-e-type=\"column\">\n\t\t\t<div class=\"elementor-widget-wrap elementor-element-populated\">\n\t\t\t\t\t\t<div class=\"elementor-element elementor-element-f166496 elementor-widget elementor-widget-heading\" data-id=\"f166496\" data-element_type=\"widget\" data-e-type=\"widget\" data-widget_type=\"heading.default\">\n\t\t\t\t<div class=\"elementor-widget-container\">\n\t\t\t\t\t<h2 class=\"elementor-heading-title elementor-size-default\">Politique de confidentialit\u00e9 et registre destin\u00e9s aux candidats<\/h2>\t\t\t\t<\/div>\n\t\t\t\t<\/div>\n\t\t\t\t<div class=\"elementor-element elementor-element-402801c elementor-widget elementor-widget-heading\" data-id=\"402801c\" data-element_type=\"widget\" data-e-type=\"widget\" data-widget_type=\"heading.default\">\n\t\t\t\t<div class=\"elementor-widget-container\">\n\t\t\t\t\t<h2 class=\"elementor-heading-title elementor-size-default\">CHARTE LEMANIS SA - Version du 2 f\u00e9vrier 2022<\/h2>\t\t\t\t<\/div>\n\t\t\t\t<\/div>\n\t\t\t\t<div class=\"elementor-element elementor-element-2520792 elementor-widget elementor-widget-text-editor\" data-id=\"2520792\" data-element_type=\"widget\" data-e-type=\"widget\" data-widget_type=\"text-editor.default\">\n\t\t\t\t<div class=\"elementor-widget-container\">\n\t\t\t\t\t\t\t\t\t<p><strong>Table des mati\u00e8res<\/strong><\/p><p>1. Politique de confidentialit\u00e9 Candidats RH.<\/p><p>1.1 Quel est l\u2019usage de vos donn\u00e9es personnelles ?<\/p><p>1.2 Qui acc\u00e8de \u00e0 vos donn\u00e9es personnelles ?<\/p><p>1.3 Comment s\u00e9curisons-nous vos donn\u00e9es personnelles ?<\/p><p>1.4 Quels sont vos droits sur vos donn\u00e9es personnelles ?<\/p><p><strong><em>ANNEXE 1 : DESCRIPTION DU TRAITEMENT<\/em><\/strong><\/p><h3>\u00a0<\/h3><h3>1. Politique de confidentialit\u00e9 Candidats RH<\/h3><p>LEMANIS SA (ci-apr\u00e8s d\u00e9nomm\u00e9 &#8220;Nous&#8221;) s&#8217;engage en faveur de la protection des donn\u00e9es personnelles et de la vie priv\u00e9e de ses candidats RH. A ce titre, et en application du R\u00e8glement G\u00e9n\u00e9ral de Protection des Donn\u00e9es (ci-apr\u00e8s d\u00e9nomm\u00e9 &#8220;RGPD&#8221;) et de la LPD (Loi de Protection des Donn\u00e9es Suisse), nous vous communiquons ci-apr\u00e8s les conditions dans lesquelles vos donn\u00e9es personnelles sont appel\u00e9es \u00e0 \u00eatre trait\u00e9es par nos soins.<\/p><p>Cette Charte est amen\u00e9e \u00e0 \u00e9voluer : nous vous invitons donc \u00e0 la consulter r\u00e9guli\u00e8rement. Elle peut \u00e9galement \u00eatre demand\u00e9e aux coordonn\u00e9es figurant plus bas.<\/p><p>LEMANIS SA<\/p><p>Service administratif<br \/>Chemin de la Gravi\u00e8re 3<br \/>1225 Ch\u00eane-Bourg<br \/>(non ouvert au public)<\/p><p>N\u00b0 registre du commerce : CH-660.0.814.017-2<\/p><h3><strong>1.1 Quel est l\u2019usage de vos donn\u00e9es personnelles ?<\/strong><\/h3><p>Nous traitons vos donn\u00e9es personnelles pour des objectifs licites, l\u00e9gitimes et explicites : Chaque usage de donn\u00e9es personnelles est fond\u00e9 sur une base de lic\u00e9it\u00e9 reconnue par le RGPD et la LPD. Nous ne traitons que les donn\u00e9es personnelles n\u00e9cessaires pour atteindre lesdits objectifs.<\/p><p>Nous ne conservons vos donn\u00e9es personnelles que le temps n\u00e9cessaire pour atteindre les finalit\u00e9s qui en ont justifi\u00e9 la collecte.<\/p><p><strong><em>Cf Annexe 1 pour plus de d\u00e9tail<\/em><\/strong><\/p><h3><u><\/u><strong>1.2 Qui acc\u00e8de \u00e0 vos donn\u00e9es personnelles ?<\/strong><\/h3><p>Au vu de la finalit\u00e9 de chaque traitement, nous permettons le traitement de vos donn\u00e9es personnelles :<\/p><ul><li>\u00e0 des services internes \u00ab ayant \u00e0 en connaitre \u00bb de par leur fonction;<\/li><li>\u00e0 des prestataires sous-traitants s\u00e9lectionn\u00e9s par ses soins pour r\u00e9aliser tout ou partie des traitements indiqu\u00e9s.<\/li><\/ul><p>A titre exceptionnel, certaines des entit\u00e9s cit\u00e9es pr\u00e9alablement peuvent \u00eatre situ\u00e9es hors Union europ\u00e9enne \/ Suisse ayant acc\u00e8s auxdites donn\u00e9es. \u00a0Le cas \u00e9ch\u00e9ant, nous nous assurons que le transfert de donn\u00e9es personnelles hors Union europ\u00e9enne \/ Suisse b\u00e9n\u00e9ficie des garanties de protection pr\u00e9vues par le RGPD et ou la LPD.<\/p><p><strong><em>Cf Annexe 1 pour plus de d\u00e9tail<\/em><\/strong><\/p><h3><strong>1.3 Comment s\u00e9curisons-nous vos donn\u00e9es personnelles ?<\/strong><\/h3><p>Nous mettons en place toutes les mesures organisationnelles et techniques permettant d\u2019assurer un niveau appropri\u00e9 de s\u00e9curit\u00e9 \u00e0 vos donn\u00e9es personnelles, et notamment d&#8217;\u00e9viter toute perte de confidentialit\u00e9, d&#8217;int\u00e9grit\u00e9 ou d\u2019accessibilit\u00e9.<\/p><p>A titre non exhaustif, nous mettons en place les mesures suivantes :<\/p><ul><li>Encadrement et sensibilisation des salari\u00e9s<\/li><li>Authentification &amp; identification des acc\u00e8s<\/li><li>Journalisation des acc\u00e8s et actions<\/li><li>Actions contre les vuln\u00e9rabilit\u00e9s logicielles (Ex : Antivirus, mise \u00e0 jour logicielle.)<\/li><li>Sauvegarde des donn\u00e9es personnelles<\/li><li>Chiffrement des donn\u00e9es personnelles<\/li><li>S\u00e9curisation physique de l&#8217;\u00e9tablissement (Vol, incendie, etc. \u2026)<\/li><\/ul><h3>1.4 Quels sont vos droits sur vos donn\u00e9es personnelles ?<\/h3><p>Vous pouvez exercer les droits suivants sur vos donn\u00e9es personnelles :<\/p><ul><li><strong>Un droit d\u2019acc\u00e8s<\/strong> : vous avez la possibilit\u00e9 de savoir si notre entreprise dispose de vos donn\u00e9es personnelles, de connaitre les conditions de traitement et d\u2019obtenir une copie de vos donn\u00e9es personnelles trait\u00e9es par nos soins.<\/li><li><strong>Un droit de rectification<\/strong> : vous avez le droit d\u2019obtenir la rectification des donn\u00e9es inexactes vous concernant. Vous avez \u00e9galement le droit de compl\u00e9ter les donn\u00e9es incompl\u00e8tes vous concernant, en fournissant une d\u00e9claration compl\u00e9mentaire. En cas d\u2019exercice de ce droit, nous nous engageons \u00e0 communiquer toute rectification \u00e0 l\u2019ensemble des destinataires de vos donn\u00e9es dans la mesure du possible.<\/li><li><strong>Un droit d\u2019effacement<\/strong> : dans certains cas, vous avez le droit d\u2019obtenir l\u2019effacement de vos donn\u00e9es. Cependant, ceci n\u2019est pas un droit absolu et nous pouvons pour des raisons l\u00e9gales ou l\u00e9gitimes conserver ces donn\u00e9es durant un temps additionnel limit\u00e9.<\/li><li><strong>Un droit \u00e0 la portabilit\u00e9 de vos donn\u00e9es personnelles<\/strong> : vous avez le droit de recevoir vos donn\u00e9es que vous nous avez fournies, dans un format structur\u00e9, couramment utilis\u00e9 et lisible par une machine, pour votre usage personnel ou pour les transmettre \u00e0 un tiers de votre choix. Ce droit ne s\u2019applique que lorsque le traitement de vos donn\u00e9es est bas\u00e9 sur votre consentement, sur un contrat ou que ce traitement est effectu\u00e9 par des moyens automatis\u00e9s. Par ailleurs, il se peut que nous refusions l\u2019exercice de ce droit s\u2019il n\u00e9cessitait des moyens techniques jug\u00e9s excessifs.<\/li><li><strong>Un droit \u00e0 la limitation du traitement<\/strong> : dans certains cas, vous avez le droit d\u2019obtenir la limitation du traitement sur vos donn\u00e9es.<\/li><li><strong>Un droit d\u2019opposition au traitement<\/strong> : vous avez le droit de vous opposer \u00e0 tout moment au traitement de vos donn\u00e9es personnelles pour les traitements bas\u00e9s sur notre int\u00e9r\u00eat l\u00e9gitime (ou une mission d\u2019int\u00e9r\u00eat public). Vous devrez alors appuyer votre demande par un motif tenant \u00e0 votre situation personnelle. Nous pourrons lui opposer un int\u00e9r\u00eat l\u00e9gitime et imp\u00e9rieux qui pr\u00e9vaudrait sur ledit motif.<\/li><li><strong>Le droit de retirer votre consentement \u00e0 tout moment<\/strong> : vous pouvez retirer votre consentement au traitement de vos donn\u00e9es lorsque le traitement est bas\u00e9 sur votre consentement. Le retrait du consentement ne compromet pas la lic\u00e9it\u00e9 du traitement fond\u00e9 sur le consentement effectu\u00e9 avant ce retrait.<\/li><li><strong>Le droit de donner des directives<\/strong> concernant le sort de vos donn\u00e9es apr\u00e8s votre d\u00e9c\u00e8s.<\/li><li><strong>Le droit d\u2019obtenir une copie<\/strong> ou l&#8217;endroit o\u00f9 les garanties li\u00e9es aux transferts de donn\u00e9es hors Union Europ\u00e9enne et Suisse<\/li><\/ul><p>Pour exercer vos droits, vous pouvez nous contacter aux coordonn\u00e9es figurant en pr\u00e9ambule.<\/p><p>Nous donnerons suite \u00e0 tout exercice de droit dans les meilleurs d\u00e9lais et en tout \u00e9tat de cause dans un d\u00e9lai de 30 jours \u00e0 compter de la r\u00e9ception de la demande.<\/p><p>Nous nous nous r\u00e9servons le droit :<\/p><ul><li>De demander une preuve de l\u2019identit\u00e9 du demandeur en cas de doute raisonnable sur cette derni\u00e8re et ce afin de respecter son obligation de confidentialit\u00e9,<\/li><li>De prolonger le d\u00e9lai de r\u00e9ponse de deux mois, informant alors le demandeur de cette prolongation et des motifs du report dans un d\u00e9lai d&#8217;un mois \u00e0 compter de la r\u00e9ception de la demande,<\/li><li>De refuser de r\u00e9pondre \u00e0 un exercice de droit si celui-ci \u00e9tait consid\u00e9r\u00e9 comme abusif (au vu de leur nombre, de leur caract\u00e8re r\u00e9p\u00e9titif ou syst\u00e9matique).<\/li><\/ul><p><strong>Pour tout r\u00e9sident de l\u2019Union Europ\u00e9enne.<\/strong><\/p><p>Si, en d\u00e9pit de nos efforts et de nos engagements, vous estimiez que vos droits concernant vos donn\u00e9es personnelles n\u2019\u00e9taient pas respect\u00e9s, vous pouvez adresser une r\u00e9clamation aupr\u00e8s de la Commission Nationale Informatique et Libert\u00e9s :<\/p><p><strong>CNIL<br \/><\/strong>3 Place de Fontenoy<br \/>TSA 80715<br \/>75334 Paris Cedex 07<\/p><p><strong><em>ANNEXE 1 : DESCRIPTION DU TRAITEMENT<\/em><\/strong><\/p><table width=\"652\"><tbody><tr><td width=\"153\">\u00a0<\/td><td width=\"499\"><strong>Description<\/strong><\/td><\/tr><tr><td width=\"153\"><strong>1 &#8211; N\u00e9cessaire pour ex\u00e9cuter une OBLIGATION LEGALE<\/strong><\/td><td width=\"499\">\u00a0<\/td><\/tr><tr><td width=\"153\"><strong>2- N\u00e9cessaire pour ex\u00e9cuter une OBLIGATION PRE-CONTRACTUELLE<\/strong><\/td><td width=\"499\"><p>\u2713 R\u00e9pondre \u00e0 une candidature spontan\u00e9e ou pour donner suite au d\u00e9p\u00f4t d\u2019une offre d\u2019emploi<br \/>\u2713 Prendre contact avec les candidats pour \u00e9valuer la capacit\u00e9 du candidat \u00e0 occuper un emploi et mesurer ses aptitudes professionnelles (entretiens t\u00e9l\u00e9phoniques, en visioconf\u00e9rence, en face \u00e0 face)<\/p><\/td><\/tr><tr><td width=\"153\"><strong>3 &#8211; N\u00e9cessaire pour assurer la sauvegarde de l\u2019INTERET LEGITIME de l\u2019entreprise<\/strong><\/td><td width=\"499\">\u2713 Disposer de preuves en cas de contentieux et de contr\u00f4le administratif<\/td><\/tr><tr><td width=\"153\"><strong>4 &#8211; Fond\u00e9 sur le CONSENTEMENT<\/strong><\/td><td width=\"499\">\u2713 Constituer un vivier de CV pour des postes \u00e0 pourvoir ult\u00e9rieurement (sur consentement du candidat externe)<\/td><\/tr><tr><td width=\"153\"><p><strong>5 &#8211; Autre base <\/strong><\/p><p><strong>de lic\u00e9it\u00e9<\/strong><\/p><\/td><td width=\"499\">\u00a0<\/td><\/tr><tr><td width=\"153\"><strong>6 &#8211; PERSONNES CONCERNEES<\/strong><\/td><td width=\"499\">Personnes ayants pos\u00e9 une candidature aupr\u00e8s de l&#8217;entreprise ou ses holdings<br \/>Personnes ayants d\u00e9pos\u00e9 un CV dans une Cvth\u00e8que partenaire<\/td><\/tr><tr><td width=\"153\"><strong>7 &#8211; DONNEES PERSONNELLES NON SENSIBLES <\/strong><\/td><td width=\"499\">Donn\u00e9es<br \/>\u2713 D&#8217;identification<br \/>\u2713 Li\u00e9es \u00e0 la vie professionnelle<br \/>\u2713 Li\u00e9es \u00e0 la vie personnelle (Communiqu\u00e9es spontan\u00e9ment)<p>Donn\u00e9es collect\u00e9es<br \/>\u2713 Aupr\u00e8s des personnes concern\u00e9es : Candidature par mail ou depuis un site d&#8217;emploi<br \/>\u2713 Aupr\u00e8s de sources tierces : CV-th\u00e8que SNCF\/CFF<\/p><\/td><\/tr><tr><td width=\"153\"><strong>7 bis &#8211; DONNEES PERSONNELLES SENSIBLES<\/strong><\/td><td width=\"499\">\u00a0N\u00e9ant<\/td><\/tr><tr><td width=\"153\"><strong>8 &#8211; SERVICES HABILITES<\/strong><\/td><td width=\"499\"><p>\u2713 Tout responsable de service en charge du poste \u00e0 pourvoir et la Direction G\u00e9n\u00e9rale de LEMANIS SA<br \/>Pays : Suisse<\/p><\/td><\/tr><tr><td width=\"153\"><strong>9 &#8211; SOUS-TRAITANTS<\/strong><\/td><td width=\"499\"><p>\u2713 Nom : Jobup<br \/>Activit\u00e9 : Site d&#8217;offres d&#8217;emploi<br \/>Pays : Suisse<br \/>Garanties li\u00e9es au transfert Hors UE \/ Suisse :<\/p><p>\u2713 Microsoft<br \/>Activit\u00e9 : Outil MS 365 (Drive)<br \/>Pays d&#8217;h\u00e9bergement : Suisse<br \/>Garanties li\u00e9es au transfert Hors UE \/ Suisse : Clauses Contractuelles Type reconnues par la Commission Europ\u00e9enne et le PFPDT <a href=\"https:\/\/www.microsoft.com\/licensing\/docs\/view\/Microsoft-Products-and-Services-Data-Protection-Addendum-DPA?year=2021\" target=\"_blank\" rel=\"noopener\">consultables ici<\/a>.<\/p><p>\u2713 Sword Technologie<br \/><span style=\"font-family: inherit; font-size: inherit;\">Activit\u00e9 : Infog\u00e9rant solutions Microsoft<br \/><\/span>Pays d&#8217;h\u00e9bergement : Suisse<\/p><\/td><\/tr><tr><td width=\"153\"><strong>10 &#8211; TIERS <\/strong><\/td><td width=\"499\">N\u00e9ant<\/td><\/tr><tr><td width=\"153\"><strong>11 &#8211; DUREE DE CONSERVATION<\/strong><\/td><td width=\"499\"><p>Conservation des CV en lien avec un poste \u00e0 pourvoir : Effacement une fois le poste pourvu, sauf consentement expr\u00e8s du candidat pour une conservation 24 mois (Consentement renouvelable tous les 2 ans, r\u00e9vocable \u00e0 tout moment)<\/p><p><em>P\u00e9riode extensible \u00e0 10 ans maximum \u00e0 compter du dernier contact uniquement pour disposer de preuves en cas de contentieux (CV, lettres de motivation et notes \u00e9ventuelles accessibles uniquement par le service en charge du contentieux)<\/em><\/p><\/td><\/tr><tr><td width=\"153\"><strong>12- DECISION INDIVIDUELLE AUTOMATISEE<\/strong><\/td><td width=\"499\">N\u00e9ant<\/td><\/tr><tr><td width=\"153\"><strong>13. ANALYSE d\u2019IMPACT<br \/>NECESSAIRE<\/strong><\/td><td width=\"499\">Analyse d\u2019impact non requise<\/td><\/tr><\/tbody><\/table><p><strong>\u00a0<\/strong><\/p>\t\t\t\t\t\t\t\t<\/div>\n\t\t\t\t<\/div>\n\t\t\t\t\t<\/div>\n\t\t<\/div>\n\t\t\t\t\t<\/div>\n\t\t<\/section>\n\t\t\t\t\t<\/div>\n\t\t<\/div>\n\t\t\t\t\t<\/div>\n\t\t<\/section>\n\t\t\t\t<\/div>\n\t\t","protected":false},"excerpt":{"rendered":"<p>Politique de confidentialit\u00e9 et registre destin\u00e9s aux candidats CHARTE LEMANIS SA &#8211; Version du 2 f\u00e9vrier 2022 Table des mati\u00e8res 1. Politique de confidentialit\u00e9 Candidats RH. 1.1 Quel est l\u2019usage de vos donn\u00e9es personnelles ? 1.2 Qui acc\u00e8de \u00e0 vos donn\u00e9es personnelles ? 1.3 Comment s\u00e9curisons-nous vos donn\u00e9es personnelles ? 1.4 Quels sont vos droits [&hellip;]<\/p>\n","protected":false},"author":4,"featured_media":0,"parent":0,"menu_order":0,"comment_status":"closed","ping_status":"closed","template":"","meta":{"_acf_changed":false,"pmb_meta_hide_page_header":false,"pmb_meta_header_spacing":"default","pmb_meta_footer_spacing":"default","footnotes":""},"class_list":["post-24813","page","type-page","status-publish","hentry"],"acf":[],"publishpress_future_action":{"enabled":false,"date":"2026-04-13 12:19:01","action":"change-status","newStatus":"draft","terms":[],"taxonomy":"translation_priority","extraData":[]},"publishpress_future_workflow_manual_trigger":{"enabledWorkflows":[]},"_links":{"self":[{"href":"https:\/\/staging.lemanexpress.com\/en\/wp-json\/wp\/v2\/pages\/24813","targetHints":{"allow":["GET"]}}],"collection":[{"href":"https:\/\/staging.lemanexpress.com\/en\/wp-json\/wp\/v2\/pages"}],"about":[{"href":"https:\/\/staging.lemanexpress.com\/en\/wp-json\/wp\/v2\/types\/page"}],"author":[{"embeddable":true,"href":"https:\/\/staging.lemanexpress.com\/en\/wp-json\/wp\/v2\/users\/4"}],"replies":[{"embeddable":true,"href":"https:\/\/staging.lemanexpress.com\/en\/wp-json\/wp\/v2\/comments?post=24813"}],"version-history":[{"count":8,"href":"https:\/\/staging.lemanexpress.com\/en\/wp-json\/wp\/v2\/pages\/24813\/revisions"}],"predecessor-version":[{"id":24821,"href":"https:\/\/staging.lemanexpress.com\/en\/wp-json\/wp\/v2\/pages\/24813\/revisions\/24821"}],"wp:attachment":[{"href":"https:\/\/staging.lemanexpress.com\/en\/wp-json\/wp\/v2\/media?parent=24813"}],"curies":[{"name":"wp","href":"https:\/\/api.w.org\/{rel}","templated":true}]}}