{"id":19845,"date":"2023-01-09T14:40:54","date_gmt":"2023-01-09T13:40:54","guid":{"rendered":"https:\/\/staging.lemanexpress.com\/?page_id=19845"},"modified":"2026-01-29T10:24:59","modified_gmt":"2026-01-29T09:24:59","slug":"bus-remplacement","status":"publish","type":"page","link":"https:\/\/staging.lemanexpress.com\/en\/bus-remplacement\/","title":{"rendered":"Arr\u00eats des bus de remplacement"},"content":{"rendered":"\t\t<div data-elementor-type=\"wp-page\" data-elementor-id=\"19845\" class=\"elementor elementor-19845\" data-elementor-post-type=\"page\">\n\t\t\t\t\t\t<section class=\"elementor-section elementor-top-section elementor-element elementor-element-b6b4e4d elementor-section-full_width elementor-section-height-default elementor-section-height-default\" data-id=\"b6b4e4d\" data-element_type=\"section\" data-e-type=\"section\" data-settings=\"{&quot;background_background&quot;:&quot;classic&quot;}\">\n\t\t\t\t\t\t\t<div class=\"elementor-background-overlay\"><\/div>\n\t\t\t\t\t\t\t<div class=\"elementor-container elementor-column-gap-default\">\n\t\t\t\t\t<div class=\"elementor-column elementor-col-100 elementor-top-column elementor-element elementor-element-b64e1d0\" data-id=\"b64e1d0\" data-element_type=\"column\" data-e-type=\"column\">\n\t\t\t<div class=\"elementor-widget-wrap elementor-element-populated\">\n\t\t\t\t\t\t<section class=\"elementor-section elementor-inner-section elementor-element elementor-element-80e1e10 elementor-section-boxed elementor-section-height-default elementor-section-height-default\" data-id=\"80e1e10\" data-element_type=\"section\" data-e-type=\"section\">\n\t\t\t\t\t\t<div class=\"elementor-container elementor-column-gap-default\">\n\t\t\t\t\t<div class=\"elementor-column elementor-col-100 elementor-inner-column elementor-element elementor-element-b7d9890\" data-id=\"b7d9890\" data-element_type=\"column\" data-e-type=\"column\">\n\t\t\t<div class=\"elementor-widget-wrap elementor-element-populated\">\n\t\t\t\t\t\t\t<\/div>\n\t\t<\/div>\n\t\t\t\t\t<\/div>\n\t\t<\/section>\n\t\t\t\t\t<\/div>\n\t\t<\/div>\n\t\t\t\t\t<\/div>\n\t\t<\/section>\n\t\t\t\t<section class=\"elementor-section elementor-top-section elementor-element elementor-element-b71a400 elementor-section-height-min-height elementor-section-boxed elementor-section-height-default elementor-section-items-middle\" data-id=\"b71a400\" data-element_type=\"section\" data-e-type=\"section\" data-settings=\"{&quot;background_background&quot;:&quot;classic&quot;}\">\n\t\t\t\t\t\t<div class=\"elementor-container elementor-column-gap-default\">\n\t\t\t\t\t<div class=\"elementor-column elementor-col-100 elementor-top-column elementor-element elementor-element-446f044\" data-id=\"446f044\" data-element_type=\"column\" data-e-type=\"column\" data-settings=\"{&quot;background_background&quot;:&quot;classic&quot;}\">\n\t\t\t<div class=\"elementor-widget-wrap elementor-element-populated\">\n\t\t\t\t\t\t<div class=\"elementor-element elementor-element-7083083 elementor-widget elementor-widget-spacer\" data-id=\"7083083\" data-element_type=\"widget\" data-e-type=\"widget\" data-widget_type=\"spacer.default\">\n\t\t\t\t<div class=\"elementor-widget-container\">\n\t\t\t\t\t\t\t<div class=\"elementor-spacer\">\n\t\t\t<div class=\"elementor-spacer-inner\"><\/div>\n\t\t<\/div>\n\t\t\t\t\t\t<\/div>\n\t\t\t\t<\/div>\n\t\t\t\t<div class=\"elementor-element elementor-element-092fb18 elementor-widget elementor-widget-text-editor\" data-id=\"092fb18\" data-element_type=\"widget\" data-e-type=\"widget\" data-widget_type=\"text-editor.default\">\n\t\t\t\t<div class=\"elementor-widget-container\">\n\t\t\t\t\t\t\t\t\t<p style=\"text-align: center;\">Lors de travaux, et en cas de mise en place de bus de substitution, retrouvez les plans des arr\u00eats de bus pour chaque gare L\u00e9man Express :<\/p>\t\t\t\t\t\t\t\t<\/div>\n\t\t\t\t<\/div>\n\t\t\t\t<section class=\"elementor-section elementor-inner-section elementor-element elementor-element-926412c elementor-section-boxed elementor-section-height-default elementor-section-height-default\" data-id=\"926412c\" data-element_type=\"section\" data-e-type=\"section\">\n\t\t\t\t\t\t<div class=\"elementor-container elementor-column-gap-default\">\n\t\t\t\t\t<div class=\"elementor-column elementor-col-100 elementor-inner-column elementor-element elementor-element-f1b5924\" data-id=\"f1b5924\" data-element_type=\"column\" data-e-type=\"column\">\n\t\t\t<div class=\"elementor-widget-wrap elementor-element-populated\">\n\t\t\t\t\t\t<div class=\"elementor-element elementor-element-970043a elementor-widget elementor-widget-text-editor\" data-id=\"970043a\" data-element_type=\"widget\" data-e-type=\"widget\" data-widget_type=\"text-editor.default\">\n\t\t\t\t<div class=\"elementor-widget-container\">\n\t\t\t\t\t\t\t\t\t<p style=\"font-size: 16px; line-height: 1.28571; letter-spacing: normal;\"><a style=\"cursor: pointer;\" href=\"https:\/\/staging.lemanexpress.com\/wp-content\/uploads\/2023\/04\/LEX-Plan-Annemasse-Gare-VF.pdf\" target=\"_blank\" rel=\"noopener\">Annemasse (tram 17 et gare routi\u00e8re)<\/a><\/p><p style=\"font-size: 16px; line-height: 1.28571; letter-spacing: normal;\"><a href=\"https:\/\/staging.lemanexpress.com\/wp-content\/uploads\/2023\/05\/LEX-Plan-Annemasse-Bus.pdf\">Annemasse (bus substitution)<\/a><\/p><div><p><a href=\"https:\/\/staging.lemanexpress.com\/wp-content\/uploads\/2024\/01\/LEX-Plan-Arret-Bus-CHAMBESY.pdf\" target=\"_blank\" rel=\"noopener\">Chamb\u00e9sy<\/a><\/p><p><a href=\"https:\/\/staging.lemanexpress.com\/wp-content\/uploads\/2026\/01\/LEX-Plan-Arret-Bus-CHEB-TRAVAUX-29.01-AU-06.02.pdf\">Ch\u00eane-Bourg<\/a><\/p><p><a style=\"font-family: var(--e-global-typography-primary-font-family); font-size: 1rem; letter-spacing: 0px;\" href=\"https:\/\/staging.lemanexpress.com\/wp-content\/uploads\/2024\/01\/LEX-Plan-Arret-Bus-COPPET.pdf\" target=\"_blank\" rel=\"noopener\">Coppet<\/a><\/p><p><a href=\"https:\/\/staging.lemanexpress.com\/wp-content\/uploads\/2024\/01\/LEX-Plan-Arret-Bus-GDG.pdf\" target=\"_blank\" rel=\"noopener\">Creux-de-Genthod<\/a><\/p><p style=\"font-size: 16px; line-height: 1.28571; letter-spacing: normal;\"><a href=\"https:\/\/staging.lemanexpress.com\/wp-content\/uploads\/2024\/01\/LEX-Plan-Arret-Bus_GE-S.pdf\" target=\"_blank\" rel=\"noopener\">Gen\u00e8ve-S\u00e9cheron<\/a><\/p><p><a style=\"font-family: var(--e-global-typography-primary-font-family);\" href=\"https:\/\/staging.lemanexpress.com\/wp-content\/uploads\/2024\/02\/LEX-Plan-Arret-Bus-GE.pdf\" target=\"_blank\" rel=\"noopener\">Gen\u00e8ve<\/a><\/p><p style=\"font-size: 16px; line-height: 1.28571; letter-spacing: normal;\"><a href=\"https:\/\/staging.lemanexpress.com\/wp-content\/uploads\/2024\/02\/LEX-Plan-Arret-Bus_GE-Champel.pdf\" target=\"_blank\" rel=\"noopener\">Gen\u00e8ve-Champel<\/a><\/p><p><a style=\"font-family: var(--e-global-typography-primary-font-family);\" href=\"https:\/\/staging.lemanexpress.com\/wp-content\/uploads\/2024\/07\/LEX-Plan-Arret-Bus-Tram-GE-Eaux-Vives.pdf\" target=\"_blank\" rel=\"noopener\">Gen\u00e8ve-Eaux-Vives<\/a><\/p><p><a href=\"https:\/\/staging.lemanexpress.com\/wp-content\/uploads\/2024\/01\/LEX-Plan-Arret-Bus-GB.pdf\" target=\"_blank\" rel=\"noopener\">Genthod-Bellevue<\/a><\/p><p style=\"font-size: 16px; line-height: 1.28571; letter-spacing: normal;\"><a href=\"https:\/\/staging.lemanexpress.com\/wp-content\/uploads\/2024\/02\/LEX-Plan-Arret-Bus-Lancy-Pont-Rouge.pdf\" target=\"_blank\" rel=\"noopener\">Lancy-Pont-Rouge<\/a><\/p><p><a style=\"font-family: var(--e-global-typography-primary-font-family);\" href=\"https:\/\/staging.lemanexpress.com\/wp-content\/uploads\/2024\/02\/LEX-Plan-Arret-Bus-Lancy-Bachet.pdf\" target=\"_blank\" rel=\"noopener\">Lancy-Bachet<\/a><\/p><p><a href=\"https:\/\/staging.lemanexpress.com\/wp-content\/uploads\/2024\/02\/LEX-Plan-Arret-Bus-La-Plaine.pdf\" target=\"_blank\" rel=\"noopener\">La Plaine<\/a><\/p><p><a href=\"https:\/\/staging.lemanexpress.com\/wp-content\/uploads\/2024\/02\/LEX-Plan-Arret-Bus-Meyrin.pdf\" target=\"_blank\" rel=\"noopener\">Meyrin<\/a><\/p><\/div><div>\u00a0<\/div><div><p><a style=\"font-family: var(--e-global-typography-primary-font-family); font-size: 1rem; cursor: pointer;\" href=\"https:\/\/staging.lemanexpress.com\/wp-content\/uploads\/2024\/01\/LEX-Plan-Arret-Bus-MIES.pdf\" target=\"_blank\" rel=\"noopener\">Mies<\/a><\/p><\/div><p><a href=\"https:\/\/staging.lemanexpress.com\/wp-content\/uploads\/2024\/01\/LEX-Plan-Arret-Bus-PONT-CEARD.pdf\" target=\"_blank\" rel=\"noopener\">Pont-C\u00e9ard<\/a><\/p><p><a href=\"https:\/\/staging.lemanexpress.com\/wp-content\/uploads\/2024\/02\/LEX-Plan-Arret-Bus_Russin.pdf\" target=\"_blank\" rel=\"noopener\">Russin<\/a><\/p><p style=\"line-height: 1.28571;\"><a href=\"https:\/\/staging.lemanexpress.com\/wp-content\/uploads\/2024\/02\/LEX-Plan-Arret-Bus-Satigny.pdf\" target=\"_blank\" rel=\"noopener\">Satigny<\/a><\/p><p><a href=\"https:\/\/staging.lemanexpress.com\/wp-content\/uploads\/2024\/01\/LEX-Plan-Arret-Bus-TANNAY.pdf\" target=\"_blank\" rel=\"noopener\">Tannay<\/a><\/p><p><a href=\"https:\/\/staging.lemanexpress.com\/wp-content\/uploads\/2024\/01\/LEX-Plan-Arret-Bus-TUILERIES.pdf\" target=\"_blank\" rel=\"noopener\">Tuileries<\/a><\/p><p><a href=\"https:\/\/staging.lemanexpress.com\/wp-content\/uploads\/2024\/02\/LEX-Plan-Arret-Bus-Vernier.pdf\" target=\"_blank\" rel=\"noopener\">Vernier<\/a><\/p><p><a href=\"https:\/\/staging.lemanexpress.com\/wp-content\/uploads\/2024\/01\/LEX-Plan-Arret-Bus-VERSOIX.pdf\" target=\"_blank\" rel=\"noopener\">Versoix<\/a><\/p><p><a href=\"https:\/\/staging.lemanexpress.com\/wp-content\/uploads\/2024\/02\/LEX-Plan-Arret-Bus-Zimeysa.pdf\" target=\"_blank\" rel=\"noopener\">Zimeysa<\/a><\/p>\t\t\t\t\t\t\t\t<\/div>\n\t\t\t\t<\/div>\n\t\t\t\t\t<\/div>\n\t\t<\/div>\n\t\t\t\t\t<\/div>\n\t\t<\/section>\n\t\t\t\t\t<\/div>\n\t\t<\/div>\n\t\t\t\t\t<\/div>\n\t\t<\/section>\n\t\t<div class=\"elementor-element elementor-element-1a4440c e-flex e-con-boxed e-con e-parent\" data-id=\"1a4440c\" data-element_type=\"container\" data-e-type=\"container\">\n\t\t\t\t\t<div class=\"e-con-inner\">\n\t\t\t\t\t<\/div>\n\t\t\t\t<\/div>\n\t\t\t\t<\/div>\n\t\t","protected":false},"excerpt":{"rendered":"<p>Lors de travaux, et en cas de mise en place de bus de substitution, retrouvez les plans des arr\u00eats de bus pour chaque gare L\u00e9man Express : Annemasse (tram 17 et gare routi\u00e8re) Annemasse (bus substitution) Chamb\u00e9sy Ch\u00eane-Bourg Coppet Creux-de-Genthod Gen\u00e8ve-S\u00e9cheron Gen\u00e8ve Gen\u00e8ve-Champel Gen\u00e8ve-Eaux-Vives Genthod-Bellevue Lancy-Pont-Rouge Lancy-Bachet La Plaine Meyrin \u00a0 Mies Pont-C\u00e9ard Russin Satigny [&hellip;]<\/p>\n","protected":false},"author":4,"featured_media":0,"parent":0,"menu_order":0,"comment_status":"closed","ping_status":"closed","template":"","meta":{"_acf_changed":false,"pmb_meta_hide_page_header":false,"pmb_meta_header_spacing":"default","pmb_meta_footer_spacing":"default","footnotes":""},"class_list":["post-19845","page","type-page","status-publish","hentry"],"acf":[],"publishpress_future_action":{"enabled":false,"date":"2026-04-13 12:19:41","action":"change-status","newStatus":"draft","terms":[],"taxonomy":"translation_priority","extraData":[]},"publishpress_future_workflow_manual_trigger":{"enabledWorkflows":[]},"_links":{"self":[{"href":"https:\/\/staging.lemanexpress.com\/en\/wp-json\/wp\/v2\/pages\/19845","targetHints":{"allow":["GET"]}}],"collection":[{"href":"https:\/\/staging.lemanexpress.com\/en\/wp-json\/wp\/v2\/pages"}],"about":[{"href":"https:\/\/staging.lemanexpress.com\/en\/wp-json\/wp\/v2\/types\/page"}],"author":[{"embeddable":true,"href":"https:\/\/staging.lemanexpress.com\/en\/wp-json\/wp\/v2\/users\/4"}],"replies":[{"embeddable":true,"href":"https:\/\/staging.lemanexpress.com\/en\/wp-json\/wp\/v2\/comments?post=19845"}],"version-history":[{"count":13,"href":"https:\/\/staging.lemanexpress.com\/en\/wp-json\/wp\/v2\/pages\/19845\/revisions"}],"predecessor-version":[{"id":600819,"href":"https:\/\/staging.lemanexpress.com\/en\/wp-json\/wp\/v2\/pages\/19845\/revisions\/600819"}],"wp:attachment":[{"href":"https:\/\/staging.lemanexpress.com\/en\/wp-json\/wp\/v2\/media?parent=19845"}],"curies":[{"name":"wp","href":"https:\/\/api.w.org\/{rel}","templated":true}]}}