{"id":47104,"date":"2023-09-06T13:50:58","date_gmt":"2023-09-06T11:50:58","guid":{"rendered":"https:\/\/staging.lemanexpress.com\/?page_id=47104"},"modified":"2023-09-06T14:05:38","modified_gmt":"2023-09-06T12:05:38","slug":"alle-verkehrsinfos","status":"publish","type":"page","link":"https:\/\/staging.lemanexpress.com\/de\/alle-verkehrsinfos\/","title":{"rendered":"Alle Verkehrsinfos"},"content":{"rendered":"\t\t<div data-elementor-type=\"wp-page\" data-elementor-id=\"47104\" class=\"elementor elementor-47104\" data-elementor-post-type=\"page\">\n\t\t\t\t\t\t<section class=\"elementor-section elementor-top-section elementor-element elementor-element-f62b9e7 elementor-section-full_width elementor-section-height-default elementor-section-height-default\" data-id=\"f62b9e7\" data-element_type=\"section\" data-e-type=\"section\" data-settings=\"{&quot;background_background&quot;:&quot;classic&quot;}\">\n\t\t\t\t\t\t\t<div class=\"elementor-background-overlay\"><\/div>\n\t\t\t\t\t\t\t<div class=\"elementor-container elementor-column-gap-default\">\n\t\t\t\t\t<div class=\"elementor-column elementor-col-100 elementor-top-column elementor-element elementor-element-3f6cd9e\" data-id=\"3f6cd9e\" data-element_type=\"column\" data-e-type=\"column\">\n\t\t\t<div class=\"elementor-widget-wrap elementor-element-populated\">\n\t\t\t\t\t\t<section class=\"elementor-section elementor-inner-section elementor-element elementor-element-420bd3b elementor-section-boxed elementor-section-height-default elementor-section-height-default\" data-id=\"420bd3b\" data-element_type=\"section\" data-e-type=\"section\">\n\t\t\t\t\t\t<div class=\"elementor-container elementor-column-gap-default\">\n\t\t\t\t\t<div class=\"elementor-column elementor-col-100 elementor-inner-column elementor-element elementor-element-05c05c1\" data-id=\"05c05c1\" data-element_type=\"column\" data-e-type=\"column\">\n\t\t\t<div class=\"elementor-widget-wrap elementor-element-populated\">\n\t\t\t\t\t\t\t<\/div>\n\t\t<\/div>\n\t\t\t\t\t<\/div>\n\t\t<\/section>\n\t\t\t\t\t<\/div>\n\t\t<\/div>\n\t\t\t\t\t<\/div>\n\t\t<\/section>\n\t\t\t\t<section class=\"elementor-section elementor-top-section elementor-element elementor-element-3aa6bf5 elementor-section-boxed elementor-section-height-default elementor-section-height-default\" data-id=\"3aa6bf5\" data-element_type=\"section\" data-e-type=\"section\" data-settings=\"{&quot;background_background&quot;:&quot;classic&quot;}\">\n\t\t\t\t\t\t<div class=\"elementor-container elementor-column-gap-default\">\n\t\t\t\t\t<div class=\"elementor-column elementor-col-100 elementor-top-column elementor-element elementor-element-df5e287\" data-id=\"df5e287\" data-element_type=\"column\" data-e-type=\"column\">\n\t\t\t<div class=\"elementor-widget-wrap elementor-element-populated\">\n\t\t\t\t\t\t<section class=\"elementor-section elementor-inner-section elementor-element elementor-element-9a47eb4 elementor-section-boxed elementor-section-height-default elementor-section-height-default\" data-id=\"9a47eb4\" data-element_type=\"section\" data-e-type=\"section\" data-settings=\"{&quot;background_background&quot;:&quot;classic&quot;}\">\n\t\t\t\t\t\t<div class=\"elementor-container elementor-column-gap-default\">\n\t\t\t\t\t<div class=\"elementor-column elementor-col-100 elementor-inner-column elementor-element elementor-element-e683774\" data-id=\"e683774\" data-element_type=\"column\" data-e-type=\"column\">\n\t\t\t<div class=\"elementor-widget-wrap elementor-element-populated\">\n\t\t\t\t\t\t<div class=\"elementor-element elementor-element-3051a5a elementor-widget elementor-widget-posts\" data-id=\"3051a5a\" data-element_type=\"widget\" data-e-type=\"widget\" data-settings=\"{&quot;pagination_type&quot;:&quot;numbers_and_prev_next&quot;}\" data-widget_type=\"posts.lex-trafic-info\">\n\t\t\t\t<div class=\"elementor-widget-container\">\n\t\t\t\t\t        <div class=\"lex-trafic-info-posts\" >\n        <div class=\"post-item post-item--trafic-info post-item--trafic-info--l1\">\n            <div class=\"post-item--trafic-info__line\">\n<span class=\"lex-train-line-icon --l1\"><span class=\"lex-train-line-icon__label\">L1<\/span><\/span>\n            <\/div>\n            <div class=\"post-item--trafic-info__date-and-title\">\n                <h3 class=\"post-item__title\"><a href=\"https:\/\/staging.lemanexpress.com\/de\/2025\/02\/26\/17-maerz-12-april-arbeiten-annemasse-evian-les-bains\/\">17. M\u00e4rz &#8211; 12. April : Arbeiten Annemasse &lt;> \u00c9vian-les-Bains<\/a><\/h3>\n            <\/div>\n            <div class=\"post-item__excerpt\">\n                Aufgrund von Wartungsarbeiten wird der Zugverkehr des L\u00e9man Express zwischen Annemasse und \u00c9vian-les-Bains in beiden Richtungen w\u00e4hrend 21 N\u00e4chten von Montag, dem 17. M\u00e4rz, bis Samstag, dem 12. April, unterbrochen : in den N\u00e4chten von Montag auf Dienstag bis Freitag auf Samstag von 21:00 bis 04:00 Uhr. Ersatzbusse werden eingesetzt.            <\/div>\n            <div class=\"post-item__read-more\">\n            <a href=\"https:\/\/staging.lemanexpress.com\/de\/2025\/02\/26\/17-maerz-12-april-arbeiten-annemasse-evian-les-bains\/\" class=\"post-item__read-more-link\" aria-label=\"D\u00e9tails sur 17. M\u00e4rz &#8211; 12. April : Arbeiten Annemasse &lt;&gt; \u00c9vian-les-Bains\">\n                    <?xml version=\"1.0\" encoding=\"UTF-8\"?>\n<svg version=\"1.1\" viewBox=\"0 0 15.52 15.52\" xmlns=\"http:\/\/www.w3.org\/2000\/svg\">\n    <path d=\"m9.472 6.08h6.048v3.424h-6.048v6.016h-3.424v-6.016h-6.048v-3.424h6.048v-6.08h3.424z\" fill=\"#fff\"\/>\n<\/svg>\n                    <span class=\"elementor-screen-only\">Lire \"17. M\u00e4rz &#8211; 12. April : Arbeiten Annemasse &lt;> \u00c9vian-les-Bains\"<\/span>\n                <\/a>\n            <\/div>\n        <\/div>\n        <div class=\"post-item post-item--trafic-info post-item--trafic-info--l1\">\n            <div class=\"post-item--trafic-info__line\">\n<span class=\"lex-train-line-icon --l1\"><span class=\"lex-train-line-icon__label\">L1<\/span><\/span><span class=\"lex-train-line-icon --l4\"><span class=\"lex-train-line-icon__label\">L4<\/span><\/span>\n            <\/div>\n            <div class=\"post-item--trafic-info__date-and-title\">\n                <h3 class=\"post-item__title\"><a href=\"https:\/\/staging.lemanexpress.com\/de\/2026\/01\/18\/reductions-de-composition\/\">R\u00e9ductions de composition<\/a><\/h3>\n            <\/div>\n            <div class=\"post-item__excerpt\">\n                A partir du 19 janvier 2026 et jusqu\u2019au 31 mars : en raison de contraintes de disponibilit\u00e9 du mat\u00e9riel, certains trains des lignes L1 et L4 circuleront en composition simple en semaine.            <\/div>\n            <div class=\"post-item__read-more\">\n            <a href=\"https:\/\/staging.lemanexpress.com\/de\/2026\/01\/18\/reductions-de-composition\/\" class=\"post-item__read-more-link\" aria-label=\"D\u00e9tails sur R\u00e9ductions de composition\">\n                    <?xml version=\"1.0\" encoding=\"UTF-8\"?>\n<svg version=\"1.1\" viewBox=\"0 0 15.52 15.52\" xmlns=\"http:\/\/www.w3.org\/2000\/svg\">\n    <path d=\"m9.472 6.08h6.048v3.424h-6.048v6.016h-3.424v-6.016h-6.048v-3.424h6.048v-6.08h3.424z\" fill=\"#fff\"\/>\n<\/svg>\n                    <span class=\"elementor-screen-only\">Lire \"R\u00e9ductions de composition\"<\/span>\n                <\/a>\n            <\/div>\n        <\/div>\n        <div class=\"post-item post-item--trafic-info post-item--trafic-info--l5\">\n            <div class=\"post-item--trafic-info__line\">\n<span class=\"lex-train-line-icon --l5\"><span class=\"lex-train-line-icon__label\">L5<\/span><\/span><span class=\"lex-train-line-icon --l6\"><span class=\"lex-train-line-icon__label\">L6<\/span><\/span>\n            <\/div>\n            <div class=\"post-item--trafic-info__date-and-title\">\n                <h3 class=\"post-item__title\"><a href=\"https:\/\/staging.lemanexpress.com\/de\/2025\/12\/17\/04-janvier-2026-au-23-avril-2027-travaux-satigny-la-plaine-bellegarde\/\">04 janvier 2026 au 23 avril 2027 : Travaux Satigny &lt;> La Plaine (Bellegarde)<\/a><\/h3>\n            <\/div>\n            <div class=\"post-item__excerpt\">\n                Des travaux d\u2019infrastructure entre Satigny et La Plaine \/ Bellegarde auront lieu du 04 janvier 2026 au 23 avril 2027 et modifieront l\u2019offre des lignes L5 et L6 selon l\u2019horaire en vigueur.            <\/div>\n            <div class=\"post-item__read-more\">\n            <a href=\"https:\/\/staging.lemanexpress.com\/de\/2025\/12\/17\/04-janvier-2026-au-23-avril-2027-travaux-satigny-la-plaine-bellegarde\/\" class=\"post-item__read-more-link\" aria-label=\"D\u00e9tails sur 04 janvier 2026 au 23 avril 2027 : Travaux Satigny &lt;&gt; La Plaine (Bellegarde)\">\n                    <?xml version=\"1.0\" encoding=\"UTF-8\"?>\n<svg version=\"1.1\" viewBox=\"0 0 15.52 15.52\" xmlns=\"http:\/\/www.w3.org\/2000\/svg\">\n    <path d=\"m9.472 6.08h6.048v3.424h-6.048v6.016h-3.424v-6.016h-6.048v-3.424h6.048v-6.08h3.424z\" fill=\"#fff\"\/>\n<\/svg>\n                    <span class=\"elementor-screen-only\">Lire \"04 janvier 2026 au 23 avril 2027 : Travaux Satigny &lt;> La Plaine (Bellegarde)\"<\/span>\n                <\/a>\n            <\/div>\n        <\/div>\n        <div class=\"post-item post-item--trafic-info post-item--trafic-info--l2\">\n            <div class=\"post-item--trafic-info__line\">\n<span class=\"lex-train-line-icon --l2\"><span class=\"lex-train-line-icon__label\">L2<\/span><\/span><span class=\"lex-train-line-icon --l4\"><span class=\"lex-train-line-icon__label\">L4<\/span><\/span>\n            <\/div>\n            <div class=\"post-item--trafic-info__date-and-title\">\n                <h3 class=\"post-item__title\"><a href=\"https:\/\/staging.lemanexpress.com\/de\/2024\/08\/27\/verbesserung-des-angebots-des-leman-express-ab-dem-2-september-2024-faehrt-alle-15-minuten-ein-zug-zwischen-annemasse-und-coppet\/\">Verbesserung des Angebots des L\u00e9man Express: Ab dem 2. September 2024 f\u00e4hrt alle 15 Minuten ein Zug zwischen Annemasse und Coppet.<\/a><\/h3>\n            <\/div>\n            <div class=\"post-item__excerpt\">\n                Der Staat Genf entwickelt weiterhin den \u00f6ffentlichen Nahverkehr au\u00dferhalb der Sto\u00dfzeiten. Ab n\u00e4chstem Montag verkehren die Z\u00fcge des L\u00e9man Express alle 15 Minuten zwischen Annemasse und Coppet in beide Richtungen, von Montag bis Samstag bis Mitternacht und am Sonntag bis 22:00 Uhr.            <\/div>\n            <div class=\"post-item__read-more\">\n            <a href=\"https:\/\/staging.lemanexpress.com\/de\/2024\/08\/27\/verbesserung-des-angebots-des-leman-express-ab-dem-2-september-2024-faehrt-alle-15-minuten-ein-zug-zwischen-annemasse-und-coppet\/\" class=\"post-item__read-more-link\" aria-label=\"D\u00e9tails sur Verbesserung des Angebots des L\u00e9man Express: Ab dem 2. September 2024 f\u00e4hrt alle 15 Minuten ein Zug zwischen Annemasse und Coppet.\">\n                    <?xml version=\"1.0\" encoding=\"UTF-8\"?>\n<svg version=\"1.1\" viewBox=\"0 0 15.52 15.52\" xmlns=\"http:\/\/www.w3.org\/2000\/svg\">\n    <path d=\"m9.472 6.08h6.048v3.424h-6.048v6.016h-3.424v-6.016h-6.048v-3.424h6.048v-6.08h3.424z\" fill=\"#fff\"\/>\n<\/svg>\n                    <span class=\"elementor-screen-only\">Lire \"Verbesserung des Angebots des L\u00e9man Express: Ab dem 2. September 2024 f\u00e4hrt alle 15 Minuten ein Zug zwischen Annemasse und Coppet.\"<\/span>\n                <\/a>\n            <\/div>\n        <\/div>\n        <div class=\"post-item post-item--trafic-info post-item--trafic-info--l1\">\n            <div class=\"post-item--trafic-info__line\">\n<span class=\"lex-train-line-icon --l1\"><span class=\"lex-train-line-icon__label\">L1<\/span><\/span><span class=\"lex-train-line-icon --l2\"><span class=\"lex-train-line-icon__label\">L2<\/span><\/span><span class=\"lex-train-line-icon --l3\"><span class=\"lex-train-line-icon__label\">L3<\/span><\/span><span class=\"lex-train-line-icon --l4\"><span class=\"lex-train-line-icon__label\">L4<\/span><\/span><span class=\"lex-train-line-icon --l5\"><span class=\"lex-train-line-icon__label\">L5<\/span><\/span><span class=\"lex-train-line-icon --l6\"><span class=\"lex-train-line-icon__label\">L6<\/span><\/span>\n            <\/div>\n            <div class=\"post-item--trafic-info__date-and-title\">\n                <h3 class=\"post-item__title\"><a href=\"https:\/\/staging.lemanexpress.com\/de\/2024\/12\/13\/arbeiten-mit-auswirkungen-auf-den-leman-express-im-jahr-2025\/\">Arbeiten mit Auswirkungen auf den L\u00e9man Express im Jahr 2025<\/a><\/h3>\n            <\/div>\n            <div class=\"post-item__excerpt\">\n                Entdecken Sie die Perioden der Bauarbeiten 2025, die sich auf den Zugverkehr des L\u00e9man Express auswirken. Diese Informationen, die nach dem zum jeweiligen Zeitpunkt bekannten Planungsstand erstellt wurden, werden regelm\u00e4\u00dfig aktualisiert. Um die Entwicklungen in Echtzeit zu verfolgen, besuchen Sie die Seite \u201e Alle Verkehrsinformationen \u201c auf der Website des L\u00e9man Express. Aktualisierungen werden im Laufe des Jahres auch \u00fcber unsere Kommunikationskan\u00e4le, insbesondere WhatsApp und X, geteilt.            <\/div>\n            <div class=\"post-item__read-more\">\n            <a href=\"https:\/\/staging.lemanexpress.com\/de\/2024\/12\/13\/arbeiten-mit-auswirkungen-auf-den-leman-express-im-jahr-2025\/\" class=\"post-item__read-more-link\" aria-label=\"D\u00e9tails sur Arbeiten mit Auswirkungen auf den L\u00e9man Express im Jahr 2025\">\n                    <?xml version=\"1.0\" encoding=\"UTF-8\"?>\n<svg version=\"1.1\" viewBox=\"0 0 15.52 15.52\" xmlns=\"http:\/\/www.w3.org\/2000\/svg\">\n    <path d=\"m9.472 6.08h6.048v3.424h-6.048v6.016h-3.424v-6.016h-6.048v-3.424h6.048v-6.08h3.424z\" fill=\"#fff\"\/>\n<\/svg>\n                    <span class=\"elementor-screen-only\">Lire \"Arbeiten mit Auswirkungen auf den L\u00e9man Express im Jahr 2025\"<\/span>\n                <\/a>\n            <\/div>\n        <\/div>\n        <\/div>\n\t\t\t\t<\/div>\n\t\t\t\t<\/div>\n\t\t\t\t\t<\/div>\n\t\t<\/div>\n\t\t\t\t\t<\/div>\n\t\t<\/section>\n\t\t\t\t\t<\/div>\n\t\t<\/div>\n\t\t\t\t\t<\/div>\n\t\t<\/section>\n\t\t\t\t<\/div>\n\t\t","protected":false},"excerpt":{"rendered":"","protected":false},"author":1,"featured_media":0,"parent":0,"menu_order":0,"comment_status":"closed","ping_status":"closed","template":"","meta":{"_acf_changed":false,"pmb_meta_hide_page_header":false,"pmb_meta_header_spacing":"default","pmb_meta_footer_spacing":"default","footnotes":""},"class_list":["post-47104","page","type-page","status-publish","hentry"],"acf":[],"publishpress_future_action":{"enabled":false,"date":"2026-04-13 16:59:17","action":"change-status","newStatus":"draft","terms":[],"taxonomy":"translation_priority","extraData":[]},"publishpress_future_workflow_manual_trigger":{"enabledWorkflows":[]},"_links":{"self":[{"href":"https:\/\/staging.lemanexpress.com\/de\/wp-json\/wp\/v2\/pages\/47104","targetHints":{"allow":["GET"]}}],"collection":[{"href":"https:\/\/staging.lemanexpress.com\/de\/wp-json\/wp\/v2\/pages"}],"about":[{"href":"https:\/\/staging.lemanexpress.com\/de\/wp-json\/wp\/v2\/types\/page"}],"author":[{"embeddable":true,"href":"https:\/\/staging.lemanexpress.com\/de\/wp-json\/wp\/v2\/users\/1"}],"replies":[{"embeddable":true,"href":"https:\/\/staging.lemanexpress.com\/de\/wp-json\/wp\/v2\/comments?post=47104"}],"version-history":[{"count":4,"href":"https:\/\/staging.lemanexpress.com\/de\/wp-json\/wp\/v2\/pages\/47104\/revisions"}],"predecessor-version":[{"id":47108,"href":"https:\/\/staging.lemanexpress.com\/de\/wp-json\/wp\/v2\/pages\/47104\/revisions\/47108"}],"wp:attachment":[{"href":"https:\/\/staging.lemanexpress.com\/de\/wp-json\/wp\/v2\/media?parent=47104"}],"curies":[{"name":"wp","href":"https:\/\/api.w.org\/{rel}","templated":true}]}}