{"id":14843,"date":"2022-12-13T15:54:18","date_gmt":"2022-12-13T14:54:18","guid":{"rendered":"https:\/\/staging.lemanexpress.com\/?page_id=14843"},"modified":"2025-11-28T10:43:56","modified_gmt":"2025-11-28T09:43:56","slug":"reisende-mit-behinderung","status":"publish","type":"page","link":"https:\/\/staging.lemanexpress.com\/de\/reisende-mit-behinderung\/","title":{"rendered":"Reisende mit Behinderung"},"content":{"rendered":"\t\t<div data-elementor-type=\"wp-page\" data-elementor-id=\"14843\" class=\"elementor elementor-14843 elementor-14768\" data-elementor-post-type=\"page\">\n\t\t\t\t<div class=\"elementor-element elementor-element-31728f5 e-flex e-con-boxed e-con e-parent\" data-id=\"31728f5\" data-element_type=\"container\" data-e-type=\"container\" data-settings=\"{&quot;background_background&quot;:&quot;classic&quot;}\">\n\t\t\t\t\t<div class=\"e-con-inner\">\n\t\t\t\t<div class=\"elementor-element elementor-element-1bf7dba elementor-widget elementor-widget-heading\" data-id=\"1bf7dba\" data-element_type=\"widget\" data-e-type=\"widget\" data-widget_type=\"heading.default\">\n\t\t\t\t<div class=\"elementor-widget-container\">\n\t\t\t\t\t<h1 class=\"elementor-heading-title elementor-size-default\">Reisende mit Behinderung<\/h1>\t\t\t\t<\/div>\n\t\t\t\t<\/div>\n\t\t\t\t\t<\/div>\n\t\t\t\t<\/div>\n\t\t<div class=\"elementor-element elementor-element-36d4117 e-flex e-con-boxed e-con e-parent\" data-id=\"36d4117\" data-element_type=\"container\" data-e-type=\"container\" data-settings=\"{&quot;background_background&quot;:&quot;classic&quot;}\">\n\t\t\t\t\t<div class=\"e-con-inner\">\n\t\t<div class=\"elementor-element elementor-element-ab50ce1 e-flex e-con-boxed e-con e-child\" data-id=\"ab50ce1\" data-element_type=\"container\" data-e-type=\"container\" data-settings=\"{&quot;background_background&quot;:&quot;classic&quot;}\">\n\t\t\t\t\t<div class=\"e-con-inner\">\n\t\t\t\t<div class=\"elementor-element elementor-element-1e6df9d elementor-widget elementor-widget-text-editor\" data-id=\"1e6df9d\" data-element_type=\"widget\" data-e-type=\"widget\" data-widget_type=\"text-editor.default\">\n\t\t\t\t<div class=\"elementor-widget-container\">\n\t\t\t\t\t\t\t\t\t<p style=\"text-align: left;\">Die Z\u00fcge des L\u00e9man Express wurden so konzipiert, dass sie einen vereinfachten Zugang f\u00fcr Reisende mit Behinderung, mit :<\/p><ul style=\"text-align: left;\"><li>Spezieller Wagen mit Platz f\u00fcr Rollst\u00fchle ;<\/li><li>Behindertengerechtes akustisches und optisches Informationssystem Niederflureinstiege ;<\/li><li>Breitere T\u00fcren und rollstuhlg\u00e4ngige Toiletten ;<\/li><li>Bewegliches Trittbrett in den R\u00e9giolis-Z\u00fcgen und automatische Rampe in den FLIRT-Z\u00fcgen.<\/li><\/ul><p style=\"text-align: left;\">Reisende mit Behinderung ben\u00f6tigen f\u00fcr Fahrten mit dem L\u00e9man Express einen g\u00fcltigen Fahrausweis.<\/p><p style=\"text-align: left;\">Begleiter oder Blindenhunde d\u00fcrfen unentgeltlich mitgenommen werden.<\/p><p style=\"text-align: left;\">Die Ausweiskarte bzw. der Behindertenausweis des Reisenden mit Behinderung gilt als Fahrausweis f\u00fcr den Begleiter bzw. den Begleithund.<\/p><p style=\"text-align: left;\">Es werden folgenden Ausweiskarten anerkannt :<\/p><p style=\"text-align: left;\"><strong>F\u00fcr Frankreich : <\/strong><\/p><ul style=\"text-align: left;\"><li style=\"text-align: left;\">Der zivile Invalidit\u00e4tsausweis, der Priorit\u00e4tsausweis oder der Parkausweis ;<\/li><li style=\"text-align: left;\">Die Mobilit\u00e4tskarte &#8222;invalidit\u00e9&#8220; ;<\/li><li>Die Karte &#8222;reformiert\/kriegsbesch\u00e4digt&#8220; ;<\/li><\/ul><p style=\"text-align: left;\">Dies gilt auch f\u00fcr Rollstuhlfahrer, die im Alltag einen Rollstuhl benutzen und sich mit diesem am Bahnhof melden.<\/p><p style=\"text-align: left;\"><strong>F\u00fcr die Schweiz : <\/strong><\/p><ul style=\"text-align: left;\"><li style=\"text-align: left;\">Die &#8222;Ausweiskarte f\u00fcr Reisende mit einer Behinderung&#8220;<\/li><\/ul><p style=\"text-align: left;\">Die Bedingungen f\u00fcr die Gew\u00e4hrung des oben erl\u00e4uterten Tarifangebots sowie die Nutzung des Begleitservices f\u00fcr Reisende mit Behinderung obliegen den Transportunternehmen des betreffenden Landes.<\/p><p style=\"text-align: left;\">Der Begleitservice steht allen Reisenden im Rollstuhl, mit einer Mobilit\u00e4tseinschr\u00e4nkung, einer Sehbehinderung, einer H\u00f6rbehinderung oder einer psychischen Beeintr\u00e4chtigung kostenlos zur Verf\u00fcgung.<\/p><p style=\"text-align: left;\">Vor jeder Fahrt bzw. f\u00fcr die Nutzung eines Begleitservice am Bahnhof wenden Sie sich bitte mindestens 24 Stunden vor Abreise an den Kundendienst der Eisenbahnunternehmen.<\/p><p style=\"text-align: left;\"><strong>F\u00fcr Fahrten aus der Schweiz kontaktieren Sie bitte die SBB :\u00a0<\/strong><\/p><ul style=\"text-align: left;\"><li style=\"text-align: left;\">Durch Ausf\u00fcllen des <a href=\"https:\/\/www.sbb.ch\/de\/hilfe-und-kontakt\/produkte-services\/eingeschraenkte-mobilitaet\/barrierefreies-reisen\/bestell-formular-hilfeleistungen.html\">Online-Formulars<\/a>.<\/li><li style=\"text-align: left;\">Telefonisch beim Call Center Handicap : 0800 007 102 kostenlos in der Schweiz (von 06:00 bis 22:30 Uhr). Aus dem Ausland +41 800 007 102.<\/li><\/ul><p style=\"text-align: left;\"><strong>Erfahren Sie mehr<\/strong> : <a href=\"https:\/\/www.sbb.ch\/de\/fahrplan\/reisehinweise\/reisende-mit-handicap.html\">SBB Reisende mit Handicap<\/a><\/p><p style=\"text-align: left;\"><strong>F\u00fcr Fahrten aus Frankreich kontaktieren Sie bitte die SNCF :<\/strong><\/p><ul><li style=\"text-align: left;\">Durch das Ausf\u00fcllen des <a href=\"https:\/\/www.garesetconnexions.sncf\/fr\/assistances-psh-pmr\">Online-Formulars<\/a>.<\/li><li style=\"text-align: left;\">Per Telefon: In Frankreich unter 3212, aus dem Ausland unter +33(0)9 72 72 00 92 t\u00e4glich zwischen 8 und 20 Uhr (zum Ortstarif).<\/li><\/ul><p style=\"text-align: left;\">Der Bahnhofshilfsdienst ist ein Unterst\u00fctzungsservice f\u00fcr Menschen mit Behinderungen. Er ist 7 Tage die Woche vom ersten bis zum letzten Zug verf\u00fcgbar.<\/p><p style=\"text-align: left;\"><strong>Erfahren Sie mehr<\/strong> :\u00a0<a href=\"https:\/\/www.ter.sncf.com\/auvergne-rhone-alpes\/services-contacts\/assistance-accessibilite\/service-assistance-gare\">SNCF TER<\/a><\/p>\t\t\t\t\t\t\t\t<\/div>\n\t\t\t\t<\/div>\n\t\t\t\t\t<\/div>\n\t\t\t\t<\/div>\n\t\t\t\t\t<\/div>\n\t\t\t\t<\/div>\n\t\t\t\t<\/div>\n\t\t","protected":false},"excerpt":{"rendered":"<p>Die Z\u00fcge des L\u00e9man Express wurden so konzipiert, dass sie einen vereinfachten Zugang f\u00fcr Reisende mit Behinderung, mit : Spezieller Wagen mit Platz f\u00fcr Rollst\u00fchle ; Behindertengerechtes akustisches und optisches Informationssystem Niederflureinstiege ; Breitere T\u00fcren und rollstuhlg\u00e4ngige Toiletten ; Bewegliches Trittbrett in den R\u00e9giolis-Z\u00fcgen und automatische Rampe in den FLIRT-Z\u00fcgen. Reisende mit Behinderung ben\u00f6tigen f\u00fcr [&hellip;]<\/p>\n","protected":false},"author":4,"featured_media":12465,"parent":0,"menu_order":0,"comment_status":"closed","ping_status":"closed","template":"","meta":{"_acf_changed":false,"pmb_meta_hide_page_header":false,"pmb_meta_header_spacing":"default","pmb_meta_footer_spacing":"default","footnotes":""},"class_list":["post-14843","page","type-page","status-publish","has-post-thumbnail","hentry"],"acf":[],"publishpress_future_action":{"enabled":false,"date":"2026-04-13 10:42:44","action":"change-status","newStatus":"draft","terms":[],"taxonomy":"translation_priority","extraData":[]},"publishpress_future_workflow_manual_trigger":{"enabledWorkflows":[]},"_links":{"self":[{"href":"https:\/\/staging.lemanexpress.com\/de\/wp-json\/wp\/v2\/pages\/14843","targetHints":{"allow":["GET"]}}],"collection":[{"href":"https:\/\/staging.lemanexpress.com\/de\/wp-json\/wp\/v2\/pages"}],"about":[{"href":"https:\/\/staging.lemanexpress.com\/de\/wp-json\/wp\/v2\/types\/page"}],"author":[{"embeddable":true,"href":"https:\/\/staging.lemanexpress.com\/de\/wp-json\/wp\/v2\/users\/4"}],"replies":[{"embeddable":true,"href":"https:\/\/staging.lemanexpress.com\/de\/wp-json\/wp\/v2\/comments?post=14843"}],"version-history":[{"count":10,"href":"https:\/\/staging.lemanexpress.com\/de\/wp-json\/wp\/v2\/pages\/14843\/revisions"}],"predecessor-version":[{"id":597964,"href":"https:\/\/staging.lemanexpress.com\/de\/wp-json\/wp\/v2\/pages\/14843\/revisions\/597964"}],"wp:featuredmedia":[{"embeddable":true,"href":"https:\/\/staging.lemanexpress.com\/de\/wp-json\/wp\/v2\/media\/12465"}],"wp:attachment":[{"href":"https:\/\/staging.lemanexpress.com\/de\/wp-json\/wp\/v2\/media?parent=14843"}],"curies":[{"name":"wp","href":"https:\/\/api.w.org\/{rel}","templated":true}]}}