{"id":13761,"date":"2022-09-14T06:25:51","date_gmt":"2022-09-14T04:25:51","guid":{"rendered":"https:\/\/staging.lemanexpress.com\/?page_id=13761"},"modified":"2025-11-20T14:49:56","modified_gmt":"2025-11-20T13:49:56","slug":"der-lex-club","status":"publish","type":"page","link":"https:\/\/staging.lemanexpress.com\/de\/der-lex-club\/","title":{"rendered":"Der LEX Club"},"content":{"rendered":"\t\t<div data-elementor-type=\"wp-page\" data-elementor-id=\"13761\" class=\"elementor elementor-13761 elementor-528\" data-elementor-post-type=\"page\">\n\t\t\t\t<div class=\"elementor-element elementor-element-3785d41 e-flex e-con-boxed e-con e-parent\" data-id=\"3785d41\" data-element_type=\"container\" data-e-type=\"container\" data-settings=\"{&quot;background_background&quot;:&quot;classic&quot;}\">\n\t\t\t\t\t<div class=\"e-con-inner\">\n\t\t\t\t<div class=\"elementor-element elementor-element-62e7612 elementor-widget elementor-widget-image\" data-id=\"62e7612\" data-element_type=\"widget\" data-e-type=\"widget\" data-widget_type=\"image.default\">\n\t\t\t\t<div class=\"elementor-widget-container\">\n\t\t\t\t\t\t\t\t\t\t\t\t\t\t\t<img fetchpriority=\"high\" decoding=\"async\" width=\"1024\" height=\"284\" src=\"https:\/\/staging.lemanexpress.com\/wp-content\/uploads\/2022\/09\/Logo-ClubLEX.svg\" class=\"attachment-large size-large wp-image-12432\" alt=\"\" \/>\t\t\t\t\t\t\t\t\t\t\t\t\t\t\t<\/div>\n\t\t\t\t<\/div>\n\t\t\t\t\t<\/div>\n\t\t\t\t<\/div>\n\t\t<div class=\"elementor-element elementor-element-2c6f82c e-flex e-con-boxed e-con e-parent\" data-id=\"2c6f82c\" data-element_type=\"container\" data-e-type=\"container\" data-settings=\"{&quot;background_background&quot;:&quot;classic&quot;}\">\n\t\t\t\t\t<div class=\"e-con-inner\">\n\t\t<div class=\"elementor-element elementor-element-45e09c8 e-flex e-con-boxed e-con e-child\" data-id=\"45e09c8\" data-element_type=\"container\" data-e-type=\"container\" data-settings=\"{&quot;background_background&quot;:&quot;classic&quot;}\">\n\t\t\t\t\t<div class=\"e-con-inner\">\n\t\t\t\t<div class=\"elementor-element elementor-element-7a8eb42 elementor-widget elementor-widget-heading\" data-id=\"7a8eb42\" data-element_type=\"widget\" data-e-type=\"widget\" data-widget_type=\"heading.default\">\n\t\t\t\t<div class=\"elementor-widget-container\">\n\t\t\t\t\t<h2 class=\"elementor-heading-title elementor-size-default\">Ich werde Mitglied im LEX-Club! <\/h2>\t\t\t\t<\/div>\n\t\t\t\t<\/div>\n\t\t\t\t<div class=\"elementor-element elementor-element-d727cdd elementor-widget elementor-widget-text-editor\" data-id=\"d727cdd\" data-element_type=\"widget\" data-e-type=\"widget\" data-widget_type=\"text-editor.default\">\n\t\t\t\t<div class=\"elementor-widget-container\">\n\t\t\t\t\t\t\t\t\t<p>Der LEX-Club ist als echte Gemeinschaft konzipiert, die auf Geselligkeit und Austausch beruht, aus dem Wunsch heraus, die Reisenden, die unsere Linien benutzen, zusammenzubringen, damit sie ihre Erfahrungen teilen und von zahlreichen Vorteilen profitieren k\u00f6nnen. <\/p><p>Wenn Sie dem LEX-Club beitreten, erhalten Sie exklusiven Angeboten, die im L\u00e9man Express verf\u00fcgbar und zug\u00e4nglich sind, sowie zu einer exklusiven Veranstaltung pro Jahr mit allen Mitgliedern des Club LEX und dem L\u00e9manis-Team.<\/p><p>Alle Neuigkeiten des Club LEX werden Ihnen mithilfe eines viertelj\u00e4hrlichen Newsletters mitgeteilt.<\/p>\t\t\t\t\t\t\t\t<\/div>\n\t\t\t\t<\/div>\n\t\t\t\t\t<\/div>\n\t\t\t\t<\/div>\n\t\t\t\t\t<\/div>\n\t\t\t\t<\/div>\n\t\t<div class=\"elementor-element elementor-element-086cd97 e-flex e-con-boxed e-con e-parent\" data-id=\"086cd97\" data-element_type=\"container\" data-e-type=\"container\">\n\t\t\t\t\t<div class=\"e-con-inner\">\n\t\t\t\t<div class=\"elementor-element elementor-element-9c1ccbd elementor-widget elementor-widget-heading\" data-id=\"9c1ccbd\" data-element_type=\"widget\" data-e-type=\"widget\" data-widget_type=\"heading.default\">\n\t\t\t\t<div class=\"elementor-widget-container\">\n\t\t\t\t\t<h2 class=\"elementor-heading-title elementor-size-default\">Anmeldung<\/h2>\t\t\t\t<\/div>\n\t\t\t\t<\/div>\n\t\t\t\t<div class=\"elementor-element elementor-element-923a027 elementor-widget elementor-widget-template\" data-id=\"923a027\" data-element_type=\"widget\" data-e-type=\"widget\" data-widget_type=\"template.default\">\n\t\t\t\t<div class=\"elementor-widget-container\">\n\t\t\t\t\t\t\t<div class=\"elementor-template\">\n\t\t\t\t\t<div data-elementor-type=\"container\" data-elementor-id=\"596865\" class=\"elementor elementor-596865 elementor-596859\" data-elementor-post-type=\"elementor_library\">\n\t\t\t\t<div class=\"elementor-element elementor-element-9691afb e-con-full e-flex e-con e-parent\" data-id=\"9691afb\" data-element_type=\"container\" data-e-type=\"container\">\n\t\t\t\t<div class=\"elementor-element elementor-element-4d46184 elementor-widget elementor-widget-html\" data-id=\"4d46184\" data-element_type=\"widget\" data-e-type=\"widget\" data-widget_type=\"html.default\">\n\t\t\t\t<div class=\"elementor-widget-container\">\n\t\t\t\t\t  <script src=\"https:\/\/www.google.com\/recaptcha\/api.js?hl=de\" async=\"async\" defer=\"defer\"><\/script>\n  <form action=\"https:\/\/lemanis.myyellowboxcrm.com\/yellowbox\/element\/doctype\/formulairehtml\/formulaireCreerElementv2Action.do\" enctype=\"multipart\/form-data\" target=\"_blank\" accept-charset=\"utf-8\" method=\"post\" class=\"yb-form --club\">\n    <div class=\"form-group --radio --gender\">\n      <ul>\n          <li>\n              <input type=\"radio\" name=\"8246\" value=\"Frau\" id=\"8246_0\" required=\"required\">\n              <label for=\"8246_0\">Frau<\/label>\n          <\/li>\n          <li>\n              <input type=\"radio\" name=\"8246\" value=\"Herr\" id=\"8246_1\" required=\"required\">\n              <label for=\"8246_1\">Herr<\/label>\n          <\/li>\n      <\/ul>\n    <\/div>\n    <div class=\"form-group\">\n      <input class=\"form-control\" id=\"input_8247\" required=\"required\" type=\"text\" name=\"8247\" value=\"\" placeholder=\"Vorname *\">\n    <\/div>\n    <div class=\"form-group\">\n      <input class=\"form-control\" id=\"input_8248\" required=\"required\" type=\"text\" name=\"8248\" value=\"\" placeholder=\"Name *\">\n    <\/div>\n    <div class=\"form-group\">\n      <input class=\"form-control\" id=\"input_8249\" required=\"required\" type=\"email\" name=\"8249\" value=\"\" placeholder=\"Email *\">\n    <\/div>\n    <div class=\"form-group\">\n      <input class=\"form-control\" id=\"input_16482\" required=\"required\" type=\"text\" name=\"16482\" value=\"\" placeholder=\"Telephon *\">\n    <\/div>\n    <div class=\"form-group\">\n      <input class=\"form-control\" id=\"input_8250\" required=\"required\" type=\"text\" name=\"8250\" value=\"\" placeholder=\"Adresse *\">\n    <\/div>\n    <div class=\"form-group\">\n      <input class=\"form-control\" id=\"input_8253\" required=\"required\" type=\"text\" name=\"8253\" value=\"\" placeholder=\"PLZ *\">\n    <\/div>\n    <div class=\"form-group\">\n      <input class=\"form-control\" id=\"input_8254\" required=\"required\" type=\"text\" name=\"8254\" value=\"\" placeholder=\"Ort *\">\n    <\/div>\n    <div class=\"form-group --radio\">\n      <h3>Land <sup>*<\/sup><\/h3>\n      <ul>\n          <li>\n              <input type=\"radio\" name=\"8255\" value=\"FR\" id=\"8255_0\" required=\"required\">\n              <label for=\"8255_0\">FR<\/label>\n          <\/li>\n          <li>\n              <input type=\"radio\" name=\"8255\" value=\"CH\" id=\"8255_1\" required=\"required\">\n              <label for=\"8255_1\">CH<\/label>\n          <\/li>\n            <li>\n                <input type=\"radio\" name=\"8255\" id=\"radio_8255_3\" value=\"ANDERE\" required>\n                <label for=\"radio_8255_3\">ANDERE<\/label>\n            <\/li>\n      <\/ul>\n    <\/div>\n    <div class=\"form-group --radio\">\n      <h3>Ich verf\u00fcge \u00fcber ein Bahnabo <sup>*<\/sup><\/h3>\n      <ul>\n          <li>\n              <input type=\"radio\" name=\"81487\" value=\"JA\" id=\"81487_0\" required=\"required\">\n              <label for=\"81487_0\">JA<\/label>\n          <\/li>\n          <li>\n              <input type=\"radio\" name=\"81487\" value=\"NEIN\" id=\"81487_1\" required=\"required\">\n              <label for=\"81487_1\">NEIN<\/label>\n          <\/li>\n      <\/ul>\n    <\/div>\n    <div class=\"form-group\">\n      <input class=\"form-control\" id=\"input_8245\" name=\"8245\" type=\"text\" value=\"\" placeholder=\"Gesellschaft\">\n    <\/div>\n    <div class=\"form-group\">\n      <input class=\"form-control\" id=\"input_81481\" name=\"81481\" type=\"text\" required=\"required\" value=\"\" placeholder=\"Geburtsdatum *\">\n    <\/div>\n    <div class=\"form-group --radio\">\n      <h3>Anlass f\u00fcr die Fahrt <sup>*<\/sup><\/h3>\n      <ul>\n          <li>\n              <input type=\"checkbox\" name=\"81482\" value=\"Arbeit\" id=\"81482_0\">\n              <label for=\"81482_0\">Arbeit<\/label>\n          <\/li>\n          <li>\n              <input type=\"checkbox\" name=\"81482\" value=\"Freizeit\" id=\"81482_1\">\n              <label for=\"81482_1\">Freizeit<\/label>\n          <\/li>\n          <li>\n              <input type=\"checkbox\" name=\"81482\" value=\"Andere\" id=\"81482_2\">\n              <label for=\"81482_2\">Andere<\/label>\n          <\/li>\n      <\/ul>\n    <\/div>\n    <div class=\"form-group --radio\">\n      <h3>Frequenz <sup>*<\/sup><\/h3>\n      <ul>\n          <li>\n              <input type=\"radio\" name=\"81483\" value=\"T\u00e4glich\" id=\"81483_0\" required=\"required\">\n              <label for=\"81483_0\">T\u00e4glich<\/label>\n          <\/li>\n          <li>\n              <input type=\"radio\" name=\"81483\" value=\"Monatlich\" id=\"81483_1\" required=\"required\">\n              <label for=\"81483_1\">Monatlich<\/label>\n          <\/li>\n      <\/ul>\n    <\/div>\n    <div class=\"form-group --radio\">\n      <h3>Klasse <sup>*<\/sup><\/h3>\n      <ul>\n          <li>\n              <input type=\"radio\" name=\"81484\" value=\"1\" id=\"81484_0\" required=\"required\">\n              <label for=\"81484_0\">1<\/label>\n          <\/li>\n          <li>\n              <input type=\"radio\" name=\"81484\" value=\"2\" id=\"81484_1\" required=\"required\">\n              <label for=\"81484_1\">2<\/label>\n          <\/li>\n      <\/ul>\n    <\/div>\n    <div class=\"form-group --radio\">\n      <h3>Genutzte Linie <sup>*<\/sup><\/h3>\n      <ul>\n          <li>\n              <input type=\"checkbox\" name=\"81489\" value=\"L1\" id=\"81489_0\">\n              <label for=\"81489_0\">L1<\/label>\n          <\/li>\n          <li>\n              <input type=\"checkbox\" name=\"81489\" value=\"L2\" id=\"81489_1\">\n              <label for=\"81489_1\">L2<\/label>\n          <\/li>\n          <li>\n              <input type=\"checkbox\" name=\"81489\" value=\"L3\" id=\"81489_2\">\n              <label for=\"81489_2\">L3<\/label>\n          <\/li>\n          <li>\n              <input type=\"checkbox\" name=\"81489\" value=\"L4\" id=\"81489_3\">\n              <label for=\"81489_3\">L4<\/label>\n          <\/li>\n          <li>\n              <input type=\"checkbox\" name=\"81489\" value=\"L5\" id=\"81489_4\">\n              <label for=\"81489_4\">L5<\/label>\n          <\/li>\n          <li>\n              <input type=\"checkbox\" name=\"81489\" value=\"L6\" id=\"81489_5\">\n              <label for=\"81489_5\">L6<\/label>\n          <\/li>\n          <li>\n              <input type=\"checkbox\" name=\"81489\" value=\"Alle\" id=\"81489_6\">\n              <label for=\"81489_6\">Alle<\/label>\n          <\/li>\n      <\/ul>\n    <\/div>\n    <div class=\"form-group --select\">\n      <label for=\"select_81561\">Abfahrtsbahnhof \n      <sup>*<\/sup><\/label>\n      <div class=\"select-wrap\"><select class=\"form-control\" id=\"select_81561\" name=\"81561\" required=\"required\">\n            <option selected=\"selected\"><\/option>\n            <option>Annecy<\/option>\n            <option>Annemasse<\/option>\n            <option>Bellegarde<\/option>\n            <option>Bonneville<\/option>\n            <option>Bons-en-Chablais<\/option>\n            <option>Chamb\u00e9sy<\/option>\n            <option>Ch\u00eane-Bourg<\/option>\n            <option>Cluses<\/option>\n            <option>Coppet<\/option>\n            <option>Creux-de-Genthod<\/option>\n            <option>Evian-les-Bains<\/option>\n            <option>Genthod-Bellevue<\/option>\n            <option>Gen\u00e8ve<\/option>\n            <option>Gen\u00e8ve-Champel<\/option>\n            <option>Gen\u00e8ve-Eaux-Vives<\/option>\n            <option>Gen\u00e8ve-S\u00e9cheron<\/option>\n            <option>Groisy-Thorens-la-Caille<\/option>\n            <option>Lancy-Bachet<\/option>\n            <option>Lancy-Pont-Rouge<\/option>\n            <option>La Plaine<\/option>\n            <option>La Roche-sur-Foron<\/option>\n            <option>Les Tuilleries<\/option>\n            <option>Machilly<\/option>\n            <option>Magland<\/option>\n            <option>Marignier<\/option>\n            <option>Meyrin<\/option>\n            <option>Mies<\/option>\n            <option>Perrignier<\/option>\n            <option>Pont-C\u00e9ard<\/option>\n            <option>Pougny-Chancy<\/option>\n            <option>Pringy<\/option>\n            <option>Reignier<\/option>\n            <option>Russin<\/option>\n            <option>Sallanches-Combloux-Meg\u00e8ve<\/option>\n            <option>Satigny<\/option>\n            <option>St-Gervais-les-Bains-Le Fayet<\/option>\n            <option>St-Pierre-en-Faucigny<\/option>\n            <option>Tannay<\/option>\n            <option>Thonon-les-Bains<\/option>\n            <option>Vernier<\/option>\n            <option>Versoix<\/option>\n            <option>Zimeysa<\/option>\n        <\/select><\/div>\n    <\/div>\n    <div class=\"form-group --select\">\n      <label for=\"select_81486\">Zielbahnhof \n      <sup>*<\/sup><\/label>\n      <div class=\"select-wrap\"><select class=\"form-control\" id=\"select_81486\" name=\"81486\" required=\"required\">\n            <option selected=\"selected\"><\/option>\n            <option>Annecy<\/option>\n            <option>Annemasse<\/option>\n            <option>Bellegarde<\/option>\n            <option>Bonneville<\/option>\n            <option>Bons-en-Chablais<\/option>\n            <option>Chamb\u00e9sy<\/option>\n            <option>Ch\u00eane-Bourg<\/option>\n            <option>Cluses<\/option>\n            <option>Coppet<\/option>\n            <option>Creux-de-Genthod<\/option>\n            <option>Evian-les-Bains<\/option>\n            <option>Genthod-Bellevue<\/option>\n            <option>Gen\u00e8ve<\/option>\n            <option>Gen\u00e8ve-Champel<\/option>\n            <option>Gen\u00e8ve-Eaux-Vives<\/option>\n            <option>Gen\u00e8ve-S\u00e9cheron<\/option>\n            <option>Groisy-Thorens-la-Caille<\/option>\n            <option>Lancy-Bachet<\/option>\n            <option>Lancy-Pont-Rouge<\/option>\n            <option>La Plaine<\/option>\n            <option>La Roche-sur-Foron<\/option>\n            <option>Les Tuilleries<\/option>\n            <option>Machilly<\/option>\n            <option>Magland<\/option>\n            <option>Marignier<\/option>\n            <option>Meyrin<\/option>\n            <option>Mies<\/option>\n            <option>Perrignier<\/option>\n            <option>Pont-C\u00e9ard<\/option>\n            <option>Pougny-Chancy<\/option>\n            <option>Pringy<\/option>\n            <option>Reignier<\/option>\n            <option>Russin<\/option>\n            <option>Sallanches-Combloux-Meg\u00e8ve<\/option>\n            <option>Satigny<\/option>\n            <option>St-Gervais-les-Bains-Le Fayet<\/option>\n            <option>St-Pierre-en-Faucigny<\/option>\n            <option>Tannay<\/option>\n            <option>Thonon-les-Bains<\/option>\n            <option>Vernier<\/option>\n            <option>Versoix<\/option>\n            <option>Zimeysa<\/option>\n      <\/select><\/div>\n    <\/div>\n    <div class=\"form-group\">\n      <textarea class=\"form-control\" id=\"textarea_16296\" name=\"16296\" placeholder=\"Anmerkungen\"><\/textarea>\n    <\/div>\n    <div class=\"g-recaptcha\" data-sitekey=\"6LdckscUAAAAAPQJ8Ii_df_f7-yti0uqznLFNq0b\">&nbsp;<\/div>\n    <input id=\"input_redirectionformulairehtml\" name=\"redirectionformulairehtml\" type=\"hidden\" value=\"https:\/\/yellowbox16.mydimo-crm.fr\/yellowbox\/portail\/page.jsp?idfiche=%%idfiche%%&amp;idtable=12886;idfichedepart=%%idfichedepart%%&amp;idtabledepart=%%idtabledepart%%&amp;iddoctype=61229\" \/>\n    <input id=\"input_8256\" type=\"hidden\" name=\"8256\" value=\"Site internet\" \/>\n    <button type=\"submit\" class=\"btn btn-primary\">Best\u00e4tigen<\/button>\n  <\/form>\n\t\t\t\t<\/div>\n\t\t\t\t<\/div>\n\t\t\t\t<\/div>\n\t\t\t\t<\/div>\n\t\t\t\t<\/div>\n\t\t\t\t\t\t<\/div>\n\t\t\t\t<\/div>\n\t\t\t\t\t<\/div>\n\t\t\t\t<\/div>\n\t\t\t\t<\/div>\n\t\t","protected":false},"excerpt":{"rendered":"<p>Ich werde Mitglied im LEX-Club! Der LEX-Club ist als echte Gemeinschaft konzipiert, die auf Geselligkeit und Austausch beruht, aus dem Wunsch heraus, die Reisenden, die unsere Linien benutzen, zusammenzubringen, damit sie ihre Erfahrungen teilen und von zahlreichen Vorteilen profitieren k\u00f6nnen. Wenn Sie dem LEX-Club beitreten, erhalten Sie exklusiven Angeboten, die im L\u00e9man Express verf\u00fcgbar und [&hellip;]<\/p>\n","protected":false},"author":1,"featured_media":13496,"parent":0,"menu_order":0,"comment_status":"closed","ping_status":"closed","template":"","meta":{"_acf_changed":false,"pmb_meta_hide_page_header":false,"pmb_meta_header_spacing":"default","pmb_meta_footer_spacing":"default","footnotes":""},"class_list":["post-13761","page","type-page","status-publish","has-post-thumbnail","hentry"],"acf":[],"publishpress_future_action":{"enabled":false,"date":"2026-04-13 14:02:11","action":"change-status","newStatus":"draft","terms":[],"taxonomy":"translation_priority","extraData":[]},"publishpress_future_workflow_manual_trigger":{"enabledWorkflows":[]},"_links":{"self":[{"href":"https:\/\/staging.lemanexpress.com\/de\/wp-json\/wp\/v2\/pages\/13761","targetHints":{"allow":["GET"]}}],"collection":[{"href":"https:\/\/staging.lemanexpress.com\/de\/wp-json\/wp\/v2\/pages"}],"about":[{"href":"https:\/\/staging.lemanexpress.com\/de\/wp-json\/wp\/v2\/types\/page"}],"author":[{"embeddable":true,"href":"https:\/\/staging.lemanexpress.com\/de\/wp-json\/wp\/v2\/users\/1"}],"replies":[{"embeddable":true,"href":"https:\/\/staging.lemanexpress.com\/de\/wp-json\/wp\/v2\/comments?post=13761"}],"version-history":[{"count":1,"href":"https:\/\/staging.lemanexpress.com\/de\/wp-json\/wp\/v2\/pages\/13761\/revisions"}],"predecessor-version":[{"id":596877,"href":"https:\/\/staging.lemanexpress.com\/de\/wp-json\/wp\/v2\/pages\/13761\/revisions\/596877"}],"wp:featuredmedia":[{"embeddable":true,"href":"https:\/\/staging.lemanexpress.com\/de\/wp-json\/wp\/v2\/media\/13496"}],"wp:attachment":[{"href":"https:\/\/staging.lemanexpress.com\/de\/wp-json\/wp\/v2\/media?parent=13761"}],"curies":[{"name":"wp","href":"https:\/\/api.w.org\/{rel}","templated":true}]}}